{"id":912,"date":"2024-08-13T16:39:15","date_gmt":"2024-08-13T14:39:15","guid":{"rendered":"http:\/\/www.drhoerbst.at\/?page_id=912"},"modified":"2024-09-21T18:55:16","modified_gmt":"2024-09-21T16:55:16","slug":"akupunktur-6","status":"publish","type":"page","link":"https:\/\/www.drhoerbst.at\/?page_id=912","title":{"rendered":"Bioidente Hormontherapie"},"content":{"rendered":"\n<figure class=\"wp-block-pullquote\"><blockquote><p>Balance auf allen Ebenen <\/p><\/blockquote><\/figure>\n\n\n\n<div class=\"wp-block-media-text has-media-on-the-right is-stacked-on-mobile is-image-fill\" style=\"grid-template-columns:auto 34%\"><div class=\"wp-block-media-text__content\">\n<p><\/p>\n\n\n\n<p>Die bioidente Hormon\u00adthe\u00adra\u00adpie ist eine sanfte und effek\u00adtive Methode zur Behand\u00adlung hormo\u00adnel\u00adler Ungleich\u00adge\u00adwichte. Dabei werden Hormone verwen\u00addet, die in ihrer Struk\u00adtur identisch mit den nat\u00fcr\u00adli\u00adchen Hormo\u00adnen Ihres K\u00f6rpers sind.<\/p>\n\n\n\n<p>Zur Diagnose wird bei Bedarf der Hormon\u00adsta\u00adtus im Blut oder im Speichel erhoben.<\/p>\n\n\n\n<p>Bereits vor den Wechsel\u00adjah\u00adren, in der Pr\u00e4me\u00adno\u00adpause k\u00f6nnen hormo\u00adnelle Dysba\u00adlan\u00adcen auftre\u00adten, die sich z.B. in einem verst\u00e4rk\u00adtem PMS, Wasser\u00adein\u00adla\u00adge\u00adrun\u00adgen, Stimmungs\u00adschwan\u00adkun\u00adgen, Brust\u00adspan\u00adnen, Schmier\u00adblu\u00adtun\u00adgen oder Schlaf\u00adst\u00f6\u00adrun\u00adgen \u00e4u\u00dfern k\u00f6nnen.<\/p>\n\n\n\n<p>Typisch f\u00fcr Symptome in den Wechsel\u00adjah\u00adren sind z.B. Hitze\u00adwal\u00adlun\u00adgen, Gereizt\u00adheit, Zyklus\u00adun\u00adre\u00adgel\u00adm\u00e4\u00ad\u00dfig\u00adkei\u00adten, Schlaf\u00adst\u00f6\u00adrun\u00adgen, Gelenks\u00adbe\u00adschwer\u00adden oder Konzen\u00adtra\u00adti\u00adons\u00adst\u00f6\u00adrun\u00adgen.<\/p>\n\n\n\n<p><\/p>\n<\/div><figure class=\"wp-block-media-text__media\" style=\"background-image:url(https:\/\/www.drhoerbst.at\/wp-content\/uploads\/2024\/09\/BioidenteHormone_Block-1024x683.jpg);background-position:58% 47%\"><img loading=\"lazy\" decoding=\"async\" width=\"1024\" height=\"683\" src=\"https:\/\/www.drhoerbst.at\/wp-content\/uploads\/2024\/09\/BioidenteHormone_Block-1024x683.jpg\" alt class=\"wp-image-1078 size-large\" srcset=\"https:\/\/www.drhoerbst.at\/wp-content\/uploads\/2024\/09\/BioidenteHormone_Block-1024x683.jpg 1024w, https:\/\/www.drhoerbst.at\/wp-content\/uploads\/2024\/09\/BioidenteHormone_Block-300x200.jpg 300w, https:\/\/www.drhoerbst.at\/wp-content\/uploads\/2024\/09\/BioidenteHormone_Block-768x512.jpg 768w, https:\/\/www.drhoerbst.at\/wp-content\/uploads\/2024\/09\/BioidenteHormone_Block-1536x1024.jpg 1536w, https:\/\/www.drhoerbst.at\/wp-content\/uploads\/2024\/09\/BioidenteHormone_Block-2048x1365.jpg 2048w, https:\/\/www.drhoerbst.at\/wp-content\/uploads\/2024\/09\/BioidenteHormone_Block-90x60.jpg 90w, https:\/\/www.drhoerbst.at\/wp-content\/uploads\/2024\/09\/BioidenteHormone_Block-370x247.jpg 370w, https:\/\/www.drhoerbst.at\/wp-content\/uploads\/2024\/09\/BioidenteHormone_Block-776x517.jpg 776w\" sizes=\"auto, (max-width: 1024px) 100vw, 1024px\"><\/figure><\/div>\n\n\n\n<div style=\"height:20px\" aria-hidden=\"true\" class=\"wp-block-spacer\"><\/div>\n\n\n\n<div class=\"wp-block-media-text is-stacked-on-mobile is-image-fill has-background wp-container-content-9cfa9a5a\" style=\"background-color:#f0f0f0;text-decoration:none;text-transform:none;grid-template-columns:26% auto\"><figure class=\"wp-block-media-text__media\" style=\"background-image:url(https:\/\/www.drhoerbst.at\/wp-content\/uploads\/2024\/09\/Block_Wannhilft-661x1024.jpg);background-position:50% 50%\"><img loading=\"lazy\" decoding=\"async\" width=\"661\" height=\"1024\" src=\"https:\/\/www.drhoerbst.at\/wp-content\/uploads\/2024\/09\/Block_Wannhilft-661x1024.jpg\" alt class=\"wp-image-1026 size-full\" srcset=\"https:\/\/www.drhoerbst.at\/wp-content\/uploads\/2024\/09\/Block_Wannhilft-661x1024.jpg 661w, https:\/\/www.drhoerbst.at\/wp-content\/uploads\/2024\/09\/Block_Wannhilft-194x300.jpg 194w, https:\/\/www.drhoerbst.at\/wp-content\/uploads\/2024\/09\/Block_Wannhilft-768x1189.jpg 768w, https:\/\/www.drhoerbst.at\/wp-content\/uploads\/2024\/09\/Block_Wannhilft-992x1536.jpg 992w, https:\/\/www.drhoerbst.at\/wp-content\/uploads\/2024\/09\/Block_Wannhilft-1323x2048.jpg 1323w, https:\/\/www.drhoerbst.at\/wp-content\/uploads\/2024\/09\/Block_Wannhilft-39x60.jpg 39w, https:\/\/www.drhoerbst.at\/wp-content\/uploads\/2024\/09\/Block_Wannhilft-scaled.jpg 1653w\" sizes=\"auto, (max-width: 661px) 100vw, 661px\"><\/figure><div class=\"wp-block-media-text__content\">\n<p><\/p>\n\n\n\n<h4 class=\"wp-block-heading\">Wann kann die bioidente Hormontherapie angewendet werden:<\/h4>\n\n\n\n<ul class=\"wp-block-list has-black-color has-text-color has-link-color wp-elements-f002bb57d6858846ecd7855b9fc1a9bd\">\n<li><strong>Wechsel\u00adjah\u00adres\u00adbe\u00adschwer\u00adden:<\/strong>\n<ul class=\"wp-block-list\">\n<li style=\"font-size:16px\">Hitze\u00adwal\u00adlun\u00adgen<\/li>\n\n\n\n<li style=\"font-size:16px\">Schlaf\u00adst\u00f6\u00adrun\u00adgen<\/li>\n\n\n\n<li style=\"font-size:16px\">Stimmungs\u00adschwan\u00adkun\u00adgen<\/li>\n\n\n\n<li style=\"font-size:16px\">Nachlas\u00adsende Libido<\/li>\n\n\n\n<li style=\"font-size:16px\">Haaraus\u00adfall<\/li>\n<\/ul>\n<\/li>\n\n\n\n<li><strong>Pr\u00e4men\u00adstruel\u00adles Syndrom (PMS):<\/strong>\n<ul class=\"wp-block-list\">\n<li style=\"font-size:16px\">Reizbar\u00adkeit und Stimmungs\u00adschwan\u00adkun\u00adgen<\/li>\n\n\n\n<li style=\"font-size:16px\">Kopfschmer\u00adzen und Migr\u00e4ne<\/li>\n\n\n\n<li style=\"font-size:16px\">Wasser\u00adein\u00adla\u00adge\u00adrun\u00adgen<\/li>\n\n\n\n<li style=\"font-size:16px\">Brust\u00adspan\u00adnen<\/li>\n<\/ul>\n<\/li>\n\n\n\n<li><strong>Schlaf\u00adst\u00f6\u00adrun\u00adgen<\/strong> (hormo\u00adnell bedingt)<\/li>\n<\/ul>\n<\/div><\/div>\n\n\n\n<div style=\"height:20px\" aria-hidden=\"true\" class=\"wp-block-spacer\"><\/div>\n","protected":false},"excerpt":{"rendered":"<p>Balance auf allen Ebenen Die bioidente Hormon\u00adthe\u00adra\u00adpie ist eine sanfte und effek\u00adtive Methode zur Behand\u00adlung hormo\u00adnel\u00adler Ungleich\u00adge\u00adwichte. Dabei werden Hormone verwen\u00addet, die in ihrer Struk\u00adtur identisch mit den nat\u00fcr\u00adli\u00adchen Hormo\u00adnen \u2026 <\/p>\n","protected":false},"author":1,"featured_media":1006,"parent":683,"menu_order":0,"comment_status":"closed","ping_status":"closed","template":"","meta":{"wp_typography_post_enhancements_disabled":false,"footnotes":""},"class_list":["post-912","page","type-page","status-publish","has-post-thumbnail","hentry","latest_post"],"aioseo_notices":[],"_links":{"self":[{"href":"https:\/\/www.drhoerbst.at\/index.php?rest_route=\/wp\/v2\/pages\/912","targetHints":{"allow":["GET"]}}],"collection":[{"href":"https:\/\/www.drhoerbst.at\/index.php?rest_route=\/wp\/v2\/pages"}],"about":[{"href":"https:\/\/www.drhoerbst.at\/index.php?rest_route=\/wp\/v2\/types\/page"}],"author":[{"embeddable":true,"href":"https:\/\/www.drhoerbst.at\/index.php?rest_route=\/wp\/v2\/users\/1"}],"replies":[{"embeddable":true,"href":"https:\/\/www.drhoerbst.at\/index.php?rest_route=%2Fwp%2Fv2%2Fcomments&post=912"}],"version-history":[{"count":21,"href":"https:\/\/www.drhoerbst.at\/index.php?rest_route=\/wp\/v2\/pages\/912\/revisions"}],"predecessor-version":[{"id":1325,"href":"https:\/\/www.drhoerbst.at\/index.php?rest_route=\/wp\/v2\/pages\/912\/revisions\/1325"}],"up":[{"embeddable":true,"href":"https:\/\/www.drhoerbst.at\/index.php?rest_route=\/wp\/v2\/pages\/683"}],"wp:featuredmedia":[{"embeddable":true,"href":"https:\/\/www.drhoerbst.at\/index.php?rest_route=\/wp\/v2\/media\/1006"}],"wp:attachment":[{"href":"https:\/\/www.drhoerbst.at\/index.php?rest_route=%2Fwp%2Fv2%2Fmedia&parent=912"}],"curies":[{"name":"wp","href":"https:\/\/api.w.org\/{rel}","templated":true}]}}